{"id":688,"date":"2017-10-25T13:06:34","date_gmt":"2017-10-25T11:06:34","guid":{"rendered":"https:\/\/www.aberthamski.cz\/?page_id=688"},"modified":"2017-11-01T17:39:33","modified_gmt":"2017-11-01T16:39:33","slug":"online-reservation","status":"publish","type":"page","link":"https:\/\/www.aberthamski.cz\/en\/online-reservation\/","title":{"rendered":"Online reservation"},"content":{"rendered":"<p><a href=\"https:\/\/www.aberthamski.cz\/en\/rezervacni-formular\/\" target=\"_self\" class=\"link type-button    \">reservation<\/a><\/p>\n","protected":false},"excerpt":{"rendered":"<p>Fill in a non-binding reservation form and we&#8217;ll know what to prepare for you.<\/p>\n","protected":false},"author":2,"featured_media":3255,"parent":0,"menu_order":55,"comment_status":"closed","ping_status":"closed","template":"order-online.php","meta":{"footnotes":""},"class_list":["post-688","page","type-page","status-publish","has-post-thumbnail","hentry"],"yoast_head":"<!-- This site is optimized with the Yoast SEO plugin v27.2 - https:\/\/yoast.com\/product\/yoast-seo-wordpress\/ -->\n<title>Online reservation - ABERTHAMSKI<\/title>\n<meta name=\"robots\" content=\"index, follow, max-snippet:-1, max-image-preview:large, max-video-preview:-1\" \/>\n<link rel=\"canonical\" href=\"https:\/\/www.aberthamski.cz\/en\/online-reservation\/\" \/>\n<meta property=\"og:locale\" content=\"en_US\" \/>\n<meta property=\"og:type\" content=\"article\" \/>\n<meta property=\"og:title\" content=\"Online reservation - ABERTHAMSKI\" \/>\n<meta property=\"og:description\" content=\"Fill in a non-binding reservation form and we&#039;ll know what to prepare for you.\" \/>\n<meta property=\"og:url\" content=\"https:\/\/www.aberthamski.cz\/en\/online-reservation\/\" \/>\n<meta property=\"og:site_name\" content=\"ABERTHAMSKI\" \/>\n<meta property=\"article:publisher\" content=\"https:\/\/www.facebook.com\/lygoho\/\" \/>\n<meta property=\"article:modified_time\" content=\"2017-11-01T16:39:33+00:00\" \/>\n<meta property=\"og:image\" content=\"https:\/\/www.aberthamski.cz\/wp-content\/uploads\/2017\/09\/woman-compressor.jpg\" \/>\n\t<meta property=\"og:image:width\" content=\"1920\" \/>\n\t<meta property=\"og:image:height\" content=\"553\" \/>\n\t<meta property=\"og:image:type\" content=\"image\/jpeg\" \/>\n<meta name=\"twitter:card\" content=\"summary_large_image\" \/>\n<script type=\"application\/ld+json\" class=\"yoast-schema-graph\">{\"@context\":\"https:\/\/schema.org\",\"@graph\":[{\"@type\":\"WebPage\",\"@id\":\"https:\/\/www.aberthamski.cz\/en\/online-reservation\/\",\"url\":\"https:\/\/www.aberthamski.cz\/en\/online-reservation\/\",\"name\":\"Online reservation - ABERTHAMSKI\",\"isPartOf\":{\"@id\":\"https:\/\/www.aberthamski.cz\/#website\"},\"primaryImageOfPage\":{\"@id\":\"https:\/\/www.aberthamski.cz\/en\/online-reservation\/#primaryimage\"},\"image\":{\"@id\":\"https:\/\/www.aberthamski.cz\/en\/online-reservation\/#primaryimage\"},\"thumbnailUrl\":\"https:\/\/www.aberthamski.cz\/wp-content\/uploads\/2017\/09\/woman-compressor.jpg\",\"datePublished\":\"2017-10-25T11:06:34+00:00\",\"dateModified\":\"2017-11-01T16:39:33+00:00\",\"breadcrumb\":{\"@id\":\"https:\/\/www.aberthamski.cz\/en\/online-reservation\/#breadcrumb\"},\"inLanguage\":\"en-US\",\"potentialAction\":[{\"@type\":\"ReadAction\",\"target\":[\"https:\/\/www.aberthamski.cz\/en\/online-reservation\/\"]}]},{\"@type\":\"ImageObject\",\"inLanguage\":\"en-US\",\"@id\":\"https:\/\/www.aberthamski.cz\/en\/online-reservation\/#primaryimage\",\"url\":\"https:\/\/www.aberthamski.cz\/wp-content\/uploads\/2017\/09\/woman-compressor.jpg\",\"contentUrl\":\"https:\/\/www.aberthamski.cz\/wp-content\/uploads\/2017\/09\/woman-compressor.jpg\",\"width\":1920,\"height\":553},{\"@type\":\"BreadcrumbList\",\"@id\":\"https:\/\/www.aberthamski.cz\/en\/online-reservation\/#breadcrumb\",\"itemListElement\":[{\"@type\":\"ListItem\",\"position\":1,\"name\":\"Dom\u016f\",\"item\":\"https:\/\/www.aberthamski.cz\/en\/\"},{\"@type\":\"ListItem\",\"position\":2,\"name\":\"Online reservation\"}]},{\"@type\":\"WebSite\",\"@id\":\"https:\/\/www.aberthamski.cz\/#website\",\"url\":\"https:\/\/www.aberthamski.cz\/\",\"name\":\"ABERTHAMSKI\",\"description\":\"P\u016fj\u010dovna Ly\u017e\u00ed\",\"publisher\":{\"@id\":\"https:\/\/www.aberthamski.cz\/#organization\"},\"potentialAction\":[{\"@type\":\"SearchAction\",\"target\":{\"@type\":\"EntryPoint\",\"urlTemplate\":\"https:\/\/www.aberthamski.cz\/?s={search_term_string}\"},\"query-input\":{\"@type\":\"PropertyValueSpecification\",\"valueRequired\":true,\"valueName\":\"search_term_string\"}}],\"inLanguage\":\"en-US\"},{\"@type\":\"Organization\",\"@id\":\"https:\/\/www.aberthamski.cz\/#organization\",\"name\":\"ABERTHAMSKI\",\"url\":\"https:\/\/www.aberthamski.cz\/\",\"logo\":{\"@type\":\"ImageObject\",\"inLanguage\":\"en-US\",\"@id\":\"https:\/\/www.aberthamski.cz\/#\/schema\/logo\/image\/\",\"url\":\"https:\/\/www.aberthamski.cz\/wp-content\/uploads\/2019\/12\/logo.png\",\"contentUrl\":\"https:\/\/www.aberthamski.cz\/wp-content\/uploads\/2019\/12\/logo.png\",\"width\":190,\"height\":55,\"caption\":\"ABERTHAMSKI\"},\"image\":{\"@id\":\"https:\/\/www.aberthamski.cz\/#\/schema\/logo\/image\/\"},\"sameAs\":[\"https:\/\/www.facebook.com\/lygoho\/\"]}]}<\/script>\n<!-- \/ Yoast SEO plugin. -->","yoast_head_json":{"title":"Online reservation - ABERTHAMSKI","robots":{"index":"index","follow":"follow","max-snippet":"max-snippet:-1","max-image-preview":"max-image-preview:large","max-video-preview":"max-video-preview:-1"},"canonical":"https:\/\/www.aberthamski.cz\/en\/online-reservation\/","og_locale":"en_US","og_type":"article","og_title":"Online reservation - ABERTHAMSKI","og_description":"Fill in a non-binding reservation form and we'll know what to prepare for you.","og_url":"https:\/\/www.aberthamski.cz\/en\/online-reservation\/","og_site_name":"ABERTHAMSKI","article_publisher":"https:\/\/www.facebook.com\/lygoho\/","article_modified_time":"2017-11-01T16:39:33+00:00","og_image":[{"width":1920,"height":553,"url":"https:\/\/www.aberthamski.cz\/wp-content\/uploads\/2017\/09\/woman-compressor.jpg","type":"image\/jpeg"}],"twitter_card":"summary_large_image","schema":{"@context":"https:\/\/schema.org","@graph":[{"@type":"WebPage","@id":"https:\/\/www.aberthamski.cz\/en\/online-reservation\/","url":"https:\/\/www.aberthamski.cz\/en\/online-reservation\/","name":"Online reservation - ABERTHAMSKI","isPartOf":{"@id":"https:\/\/www.aberthamski.cz\/#website"},"primaryImageOfPage":{"@id":"https:\/\/www.aberthamski.cz\/en\/online-reservation\/#primaryimage"},"image":{"@id":"https:\/\/www.aberthamski.cz\/en\/online-reservation\/#primaryimage"},"thumbnailUrl":"https:\/\/www.aberthamski.cz\/wp-content\/uploads\/2017\/09\/woman-compressor.jpg","datePublished":"2017-10-25T11:06:34+00:00","dateModified":"2017-11-01T16:39:33+00:00","breadcrumb":{"@id":"https:\/\/www.aberthamski.cz\/en\/online-reservation\/#breadcrumb"},"inLanguage":"en-US","potentialAction":[{"@type":"ReadAction","target":["https:\/\/www.aberthamski.cz\/en\/online-reservation\/"]}]},{"@type":"ImageObject","inLanguage":"en-US","@id":"https:\/\/www.aberthamski.cz\/en\/online-reservation\/#primaryimage","url":"https:\/\/www.aberthamski.cz\/wp-content\/uploads\/2017\/09\/woman-compressor.jpg","contentUrl":"https:\/\/www.aberthamski.cz\/wp-content\/uploads\/2017\/09\/woman-compressor.jpg","width":1920,"height":553},{"@type":"BreadcrumbList","@id":"https:\/\/www.aberthamski.cz\/en\/online-reservation\/#breadcrumb","itemListElement":[{"@type":"ListItem","position":1,"name":"Dom\u016f","item":"https:\/\/www.aberthamski.cz\/en\/"},{"@type":"ListItem","position":2,"name":"Online reservation"}]},{"@type":"WebSite","@id":"https:\/\/www.aberthamski.cz\/#website","url":"https:\/\/www.aberthamski.cz\/","name":"ABERTHAMSKI","description":"P\u016fj\u010dovna Ly\u017e\u00ed","publisher":{"@id":"https:\/\/www.aberthamski.cz\/#organization"},"potentialAction":[{"@type":"SearchAction","target":{"@type":"EntryPoint","urlTemplate":"https:\/\/www.aberthamski.cz\/?s={search_term_string}"},"query-input":{"@type":"PropertyValueSpecification","valueRequired":true,"valueName":"search_term_string"}}],"inLanguage":"en-US"},{"@type":"Organization","@id":"https:\/\/www.aberthamski.cz\/#organization","name":"ABERTHAMSKI","url":"https:\/\/www.aberthamski.cz\/","logo":{"@type":"ImageObject","inLanguage":"en-US","@id":"https:\/\/www.aberthamski.cz\/#\/schema\/logo\/image\/","url":"https:\/\/www.aberthamski.cz\/wp-content\/uploads\/2019\/12\/logo.png","contentUrl":"https:\/\/www.aberthamski.cz\/wp-content\/uploads\/2019\/12\/logo.png","width":190,"height":55,"caption":"ABERTHAMSKI"},"image":{"@id":"https:\/\/www.aberthamski.cz\/#\/schema\/logo\/image\/"},"sameAs":["https:\/\/www.facebook.com\/lygoho\/"]}]}},"_links":{"self":[{"href":"https:\/\/www.aberthamski.cz\/en\/wp-json\/wp\/v2\/pages\/688","targetHints":{"allow":["GET"]}}],"collection":[{"href":"https:\/\/www.aberthamski.cz\/en\/wp-json\/wp\/v2\/pages"}],"about":[{"href":"https:\/\/www.aberthamski.cz\/en\/wp-json\/wp\/v2\/types\/page"}],"author":[{"embeddable":true,"href":"https:\/\/www.aberthamski.cz\/en\/wp-json\/wp\/v2\/users\/2"}],"replies":[{"embeddable":true,"href":"https:\/\/www.aberthamski.cz\/en\/wp-json\/wp\/v2\/comments?post=688"}],"version-history":[{"count":7,"href":"https:\/\/www.aberthamski.cz\/en\/wp-json\/wp\/v2\/pages\/688\/revisions"}],"predecessor-version":[{"id":849,"href":"https:\/\/www.aberthamski.cz\/en\/wp-json\/wp\/v2\/pages\/688\/revisions\/849"}],"wp:featuredmedia":[{"embeddable":true,"href":"https:\/\/www.aberthamski.cz\/en\/wp-json\/wp\/v2\/media\/3255"}],"wp:attachment":[{"href":"https:\/\/www.aberthamski.cz\/en\/wp-json\/wp\/v2\/media?parent=688"}],"curies":[{"name":"wp","href":"https:\/\/api.w.org\/{rel}","templated":true}]}}