{"id":3112,"date":"2019-11-21T14:40:18","date_gmt":"2019-11-21T13:40:18","guid":{"rendered":"https:\/\/www.aberthamski.cz\/?page_id=3112"},"modified":"2022-04-14T10:27:19","modified_gmt":"2022-04-14T08:27:19","slug":"ski-rental","status":"publish","type":"page","link":"https:\/\/www.aberthamski.cz\/en\/ski-rental\/","title":{"rendered":"Ski rental Ore mountains"},"content":{"rendered":"","protected":false},"excerpt":{"rendered":"","protected":false},"author":4,"featured_media":0,"parent":0,"menu_order":9,"comment_status":"closed","ping_status":"closed","template":"","meta":{"footnotes":""},"class_list":["post-3112","page","type-page","status-publish","hentry"],"yoast_head":"<!-- This site is optimized with the Yoast SEO plugin v27.2 - https:\/\/yoast.com\/product\/yoast-seo-wordpress\/ -->\n<title>Ski rental Ore mountains - ABERTHAMSKI<\/title>\n<meta name=\"description\" content=\"Rental of complete winter equipment: skis, cross-country skis, snowboards, snowshoes, helmets, boots and much more. Newly opened establishment in Abertamy. We look forward to you.\" \/>\n<meta name=\"robots\" content=\"index, follow, max-snippet:-1, max-image-preview:large, max-video-preview:-1\" \/>\n<link rel=\"canonical\" href=\"https:\/\/www.aberthamski.cz\/en\/ski-rental\/\" \/>\n<meta property=\"og:locale\" content=\"en_US\" \/>\n<meta property=\"og:type\" content=\"article\" \/>\n<meta property=\"og:title\" content=\"Ski rental Ore mountains - ABERTHAMSKI\" \/>\n<meta property=\"og:description\" content=\"Rental of complete winter equipment: skis, cross-country skis, snowboards, snowshoes, helmets, boots and much more. Newly opened establishment in Abertamy. We look forward to you.\" \/>\n<meta property=\"og:url\" content=\"https:\/\/www.aberthamski.cz\/en\/ski-rental\/\" \/>\n<meta property=\"og:site_name\" content=\"ABERTHAMSKI\" \/>\n<meta property=\"article:publisher\" content=\"https:\/\/www.facebook.com\/lygoho\/\" \/>\n<meta property=\"article:modified_time\" content=\"2022-04-14T08:27:19+00:00\" \/>\n<meta name=\"twitter:card\" content=\"summary_large_image\" \/>\n<script type=\"application\/ld+json\" class=\"yoast-schema-graph\">{\"@context\":\"https:\/\/schema.org\",\"@graph\":[{\"@type\":\"WebPage\",\"@id\":\"https:\/\/www.aberthamski.cz\/en\/ski-rental\/\",\"url\":\"https:\/\/www.aberthamski.cz\/en\/ski-rental\/\",\"name\":\"Ski rental Ore mountains - ABERTHAMSKI\",\"isPartOf\":{\"@id\":\"https:\/\/www.aberthamski.cz\/#website\"},\"datePublished\":\"2019-11-21T13:40:18+00:00\",\"dateModified\":\"2022-04-14T08:27:19+00:00\",\"description\":\"Rental of complete winter equipment: skis, cross-country skis, snowboards, snowshoes, helmets, boots and much more. Newly opened establishment in Abertamy. We look forward to you.\",\"breadcrumb\":{\"@id\":\"https:\/\/www.aberthamski.cz\/en\/ski-rental\/#breadcrumb\"},\"inLanguage\":\"en-US\",\"potentialAction\":[{\"@type\":\"ReadAction\",\"target\":[\"https:\/\/www.aberthamski.cz\/en\/ski-rental\/\"]}]},{\"@type\":\"BreadcrumbList\",\"@id\":\"https:\/\/www.aberthamski.cz\/en\/ski-rental\/#breadcrumb\",\"itemListElement\":[{\"@type\":\"ListItem\",\"position\":1,\"name\":\"Dom\u016f\",\"item\":\"https:\/\/www.aberthamski.cz\/en\/\"},{\"@type\":\"ListItem\",\"position\":2,\"name\":\"Ski rental Ore mountains\"}]},{\"@type\":\"WebSite\",\"@id\":\"https:\/\/www.aberthamski.cz\/#website\",\"url\":\"https:\/\/www.aberthamski.cz\/\",\"name\":\"ABERTHAMSKI\",\"description\":\"P\u016fj\u010dovna Ly\u017e\u00ed\",\"publisher\":{\"@id\":\"https:\/\/www.aberthamski.cz\/#organization\"},\"potentialAction\":[{\"@type\":\"SearchAction\",\"target\":{\"@type\":\"EntryPoint\",\"urlTemplate\":\"https:\/\/www.aberthamski.cz\/?s={search_term_string}\"},\"query-input\":{\"@type\":\"PropertyValueSpecification\",\"valueRequired\":true,\"valueName\":\"search_term_string\"}}],\"inLanguage\":\"en-US\"},{\"@type\":\"Organization\",\"@id\":\"https:\/\/www.aberthamski.cz\/#organization\",\"name\":\"ABERTHAMSKI\",\"url\":\"https:\/\/www.aberthamski.cz\/\",\"logo\":{\"@type\":\"ImageObject\",\"inLanguage\":\"en-US\",\"@id\":\"https:\/\/www.aberthamski.cz\/#\/schema\/logo\/image\/\",\"url\":\"https:\/\/www.aberthamski.cz\/wp-content\/uploads\/2019\/12\/logo.png\",\"contentUrl\":\"https:\/\/www.aberthamski.cz\/wp-content\/uploads\/2019\/12\/logo.png\",\"width\":190,\"height\":55,\"caption\":\"ABERTHAMSKI\"},\"image\":{\"@id\":\"https:\/\/www.aberthamski.cz\/#\/schema\/logo\/image\/\"},\"sameAs\":[\"https:\/\/www.facebook.com\/lygoho\/\"]}]}<\/script>\n<!-- \/ Yoast SEO plugin. -->","yoast_head_json":{"title":"Ski rental Ore mountains - ABERTHAMSKI","description":"Rental of complete winter equipment: skis, cross-country skis, snowboards, snowshoes, helmets, boots and much more. Newly opened establishment in Abertamy. We look forward to you.","robots":{"index":"index","follow":"follow","max-snippet":"max-snippet:-1","max-image-preview":"max-image-preview:large","max-video-preview":"max-video-preview:-1"},"canonical":"https:\/\/www.aberthamski.cz\/en\/ski-rental\/","og_locale":"en_US","og_type":"article","og_title":"Ski rental Ore mountains - ABERTHAMSKI","og_description":"Rental of complete winter equipment: skis, cross-country skis, snowboards, snowshoes, helmets, boots and much more. Newly opened establishment in Abertamy. We look forward to you.","og_url":"https:\/\/www.aberthamski.cz\/en\/ski-rental\/","og_site_name":"ABERTHAMSKI","article_publisher":"https:\/\/www.facebook.com\/lygoho\/","article_modified_time":"2022-04-14T08:27:19+00:00","twitter_card":"summary_large_image","schema":{"@context":"https:\/\/schema.org","@graph":[{"@type":"WebPage","@id":"https:\/\/www.aberthamski.cz\/en\/ski-rental\/","url":"https:\/\/www.aberthamski.cz\/en\/ski-rental\/","name":"Ski rental Ore mountains - ABERTHAMSKI","isPartOf":{"@id":"https:\/\/www.aberthamski.cz\/#website"},"datePublished":"2019-11-21T13:40:18+00:00","dateModified":"2022-04-14T08:27:19+00:00","description":"Rental of complete winter equipment: skis, cross-country skis, snowboards, snowshoes, helmets, boots and much more. Newly opened establishment in Abertamy. We look forward to you.","breadcrumb":{"@id":"https:\/\/www.aberthamski.cz\/en\/ski-rental\/#breadcrumb"},"inLanguage":"en-US","potentialAction":[{"@type":"ReadAction","target":["https:\/\/www.aberthamski.cz\/en\/ski-rental\/"]}]},{"@type":"BreadcrumbList","@id":"https:\/\/www.aberthamski.cz\/en\/ski-rental\/#breadcrumb","itemListElement":[{"@type":"ListItem","position":1,"name":"Dom\u016f","item":"https:\/\/www.aberthamski.cz\/en\/"},{"@type":"ListItem","position":2,"name":"Ski rental Ore mountains"}]},{"@type":"WebSite","@id":"https:\/\/www.aberthamski.cz\/#website","url":"https:\/\/www.aberthamski.cz\/","name":"ABERTHAMSKI","description":"P\u016fj\u010dovna Ly\u017e\u00ed","publisher":{"@id":"https:\/\/www.aberthamski.cz\/#organization"},"potentialAction":[{"@type":"SearchAction","target":{"@type":"EntryPoint","urlTemplate":"https:\/\/www.aberthamski.cz\/?s={search_term_string}"},"query-input":{"@type":"PropertyValueSpecification","valueRequired":true,"valueName":"search_term_string"}}],"inLanguage":"en-US"},{"@type":"Organization","@id":"https:\/\/www.aberthamski.cz\/#organization","name":"ABERTHAMSKI","url":"https:\/\/www.aberthamski.cz\/","logo":{"@type":"ImageObject","inLanguage":"en-US","@id":"https:\/\/www.aberthamski.cz\/#\/schema\/logo\/image\/","url":"https:\/\/www.aberthamski.cz\/wp-content\/uploads\/2019\/12\/logo.png","contentUrl":"https:\/\/www.aberthamski.cz\/wp-content\/uploads\/2019\/12\/logo.png","width":190,"height":55,"caption":"ABERTHAMSKI"},"image":{"@id":"https:\/\/www.aberthamski.cz\/#\/schema\/logo\/image\/"},"sameAs":["https:\/\/www.facebook.com\/lygoho\/"]}]}},"_links":{"self":[{"href":"https:\/\/www.aberthamski.cz\/en\/wp-json\/wp\/v2\/pages\/3112","targetHints":{"allow":["GET"]}}],"collection":[{"href":"https:\/\/www.aberthamski.cz\/en\/wp-json\/wp\/v2\/pages"}],"about":[{"href":"https:\/\/www.aberthamski.cz\/en\/wp-json\/wp\/v2\/types\/page"}],"author":[{"embeddable":true,"href":"https:\/\/www.aberthamski.cz\/en\/wp-json\/wp\/v2\/users\/4"}],"replies":[{"embeddable":true,"href":"https:\/\/www.aberthamski.cz\/en\/wp-json\/wp\/v2\/comments?post=3112"}],"version-history":[{"count":3,"href":"https:\/\/www.aberthamski.cz\/en\/wp-json\/wp\/v2\/pages\/3112\/revisions"}],"predecessor-version":[{"id":3489,"href":"https:\/\/www.aberthamski.cz\/en\/wp-json\/wp\/v2\/pages\/3112\/revisions\/3489"}],"wp:attachment":[{"href":"https:\/\/www.aberthamski.cz\/en\/wp-json\/wp\/v2\/media?parent=3112"}],"curies":[{"name":"wp","href":"https:\/\/api.w.org\/{rel}","templated":true}]}}