{"id":176,"date":"2017-09-06T11:30:02","date_gmt":"2017-09-06T09:30:02","guid":{"rendered":"http:\/\/lyze-go-home.dev\/?page_id=176"},"modified":"2026-03-17T16:17:57","modified_gmt":"2026-03-17T15:17:57","slug":"contact","status":"publish","type":"page","link":"https:\/\/www.aberthamski.cz\/en\/contact\/","title":{"rendered":"Contact"},"content":{"rendered":"","protected":false},"excerpt":{"rendered":"","protected":false},"author":2,"featured_media":0,"parent":0,"menu_order":75,"comment_status":"closed","ping_status":"closed","template":"contact.php","meta":{"footnotes":""},"class_list":["post-176","page","type-page","status-publish","hentry"],"yoast_head":"<!-- This site is optimized with the Yoast SEO plugin v27.4 - https:\/\/yoast.com\/product\/yoast-seo-wordpress\/ -->\n<title>Contact - ABERTHAMSKI<\/title>\n<meta name=\"description\" content=\"Do you need ski service or borrow skis? Do not hesitate to contact us and we will be happy to advise you and, if you are interested, we will gladly provide and arrange for you.\" \/>\n<meta name=\"robots\" content=\"index, follow, max-snippet:-1, max-image-preview:large, max-video-preview:-1\" \/>\n<link rel=\"canonical\" href=\"https:\/\/www.aberthamski.cz\/en\/contact\/\" \/>\n<meta property=\"og:locale\" content=\"en_US\" \/>\n<meta property=\"og:type\" content=\"article\" \/>\n<meta property=\"og:title\" content=\"Contact - ABERTHAMSKI\" \/>\n<meta property=\"og:description\" content=\"Do you need ski service or borrow skis? Do not hesitate to contact us and we will be happy to advise you and, if you are interested, we will gladly provide and arrange for you.\" \/>\n<meta property=\"og:url\" content=\"https:\/\/www.aberthamski.cz\/en\/contact\/\" \/>\n<meta property=\"og:site_name\" content=\"ABERTHAMSKI\" \/>\n<meta property=\"article:publisher\" content=\"https:\/\/www.facebook.com\/lygoho\/\" \/>\n<meta property=\"article:modified_time\" content=\"2026-03-17T15:17:57+00:00\" \/>\n<meta name=\"twitter:card\" content=\"summary_large_image\" \/>\n<script type=\"application\/ld+json\" class=\"yoast-schema-graph\">{\"@context\":\"https:\\\/\\\/schema.org\",\"@graph\":[{\"@type\":\"WebPage\",\"@id\":\"https:\\\/\\\/www.aberthamski.cz\\\/en\\\/contact\\\/\",\"url\":\"https:\\\/\\\/www.aberthamski.cz\\\/en\\\/contact\\\/\",\"name\":\"Contact - ABERTHAMSKI\",\"isPartOf\":{\"@id\":\"https:\\\/\\\/www.aberthamski.cz\\\/#website\"},\"datePublished\":\"2017-09-06T09:30:02+00:00\",\"dateModified\":\"2026-03-17T15:17:57+00:00\",\"description\":\"Do you need ski service or borrow skis? Do not hesitate to contact us and we will be happy to advise you and, if you are interested, we will gladly provide and arrange for you.\",\"breadcrumb\":{\"@id\":\"https:\\\/\\\/www.aberthamski.cz\\\/en\\\/contact\\\/#breadcrumb\"},\"inLanguage\":\"en-US\",\"potentialAction\":[{\"@type\":\"ReadAction\",\"target\":[\"https:\\\/\\\/www.aberthamski.cz\\\/en\\\/contact\\\/\"]}]},{\"@type\":\"BreadcrumbList\",\"@id\":\"https:\\\/\\\/www.aberthamski.cz\\\/en\\\/contact\\\/#breadcrumb\",\"itemListElement\":[{\"@type\":\"ListItem\",\"position\":1,\"name\":\"Dom\u016f\",\"item\":\"https:\\\/\\\/www.aberthamski.cz\\\/en\\\/\"},{\"@type\":\"ListItem\",\"position\":2,\"name\":\"Contact\"}]},{\"@type\":\"WebSite\",\"@id\":\"https:\\\/\\\/www.aberthamski.cz\\\/#website\",\"url\":\"https:\\\/\\\/www.aberthamski.cz\\\/\",\"name\":\"ABERTHAMSKI\",\"description\":\"P\u016fj\u010dovna Ly\u017e\u00ed\",\"publisher\":{\"@id\":\"https:\\\/\\\/www.aberthamski.cz\\\/#organization\"},\"potentialAction\":[{\"@type\":\"SearchAction\",\"target\":{\"@type\":\"EntryPoint\",\"urlTemplate\":\"https:\\\/\\\/www.aberthamski.cz\\\/?s={search_term_string}\"},\"query-input\":{\"@type\":\"PropertyValueSpecification\",\"valueRequired\":true,\"valueName\":\"search_term_string\"}}],\"inLanguage\":\"en-US\"},{\"@type\":\"Organization\",\"@id\":\"https:\\\/\\\/www.aberthamski.cz\\\/#organization\",\"name\":\"ABERTHAMSKI\",\"url\":\"https:\\\/\\\/www.aberthamski.cz\\\/\",\"logo\":{\"@type\":\"ImageObject\",\"inLanguage\":\"en-US\",\"@id\":\"https:\\\/\\\/www.aberthamski.cz\\\/#\\\/schema\\\/logo\\\/image\\\/\",\"url\":\"https:\\\/\\\/www.aberthamski.cz\\\/wp-content\\\/uploads\\\/2019\\\/12\\\/logo.png\",\"contentUrl\":\"https:\\\/\\\/www.aberthamski.cz\\\/wp-content\\\/uploads\\\/2019\\\/12\\\/logo.png\",\"width\":190,\"height\":55,\"caption\":\"ABERTHAMSKI\"},\"image\":{\"@id\":\"https:\\\/\\\/www.aberthamski.cz\\\/#\\\/schema\\\/logo\\\/image\\\/\"},\"sameAs\":[\"https:\\\/\\\/www.facebook.com\\\/lygoho\\\/\"]}]}<\/script>\n<!-- \/ Yoast SEO plugin. -->","yoast_head_json":{"title":"Contact - ABERTHAMSKI","description":"Do you need ski service or borrow skis? Do not hesitate to contact us and we will be happy to advise you and, if you are interested, we will gladly provide and arrange for you.","robots":{"index":"index","follow":"follow","max-snippet":"max-snippet:-1","max-image-preview":"max-image-preview:large","max-video-preview":"max-video-preview:-1"},"canonical":"https:\/\/www.aberthamski.cz\/en\/contact\/","og_locale":"en_US","og_type":"article","og_title":"Contact - ABERTHAMSKI","og_description":"Do you need ski service or borrow skis? Do not hesitate to contact us and we will be happy to advise you and, if you are interested, we will gladly provide and arrange for you.","og_url":"https:\/\/www.aberthamski.cz\/en\/contact\/","og_site_name":"ABERTHAMSKI","article_publisher":"https:\/\/www.facebook.com\/lygoho\/","article_modified_time":"2026-03-17T15:17:57+00:00","twitter_card":"summary_large_image","schema":{"@context":"https:\/\/schema.org","@graph":[{"@type":"WebPage","@id":"https:\/\/www.aberthamski.cz\/en\/contact\/","url":"https:\/\/www.aberthamski.cz\/en\/contact\/","name":"Contact - ABERTHAMSKI","isPartOf":{"@id":"https:\/\/www.aberthamski.cz\/#website"},"datePublished":"2017-09-06T09:30:02+00:00","dateModified":"2026-03-17T15:17:57+00:00","description":"Do you need ski service or borrow skis? Do not hesitate to contact us and we will be happy to advise you and, if you are interested, we will gladly provide and arrange for you.","breadcrumb":{"@id":"https:\/\/www.aberthamski.cz\/en\/contact\/#breadcrumb"},"inLanguage":"en-US","potentialAction":[{"@type":"ReadAction","target":["https:\/\/www.aberthamski.cz\/en\/contact\/"]}]},{"@type":"BreadcrumbList","@id":"https:\/\/www.aberthamski.cz\/en\/contact\/#breadcrumb","itemListElement":[{"@type":"ListItem","position":1,"name":"Dom\u016f","item":"https:\/\/www.aberthamski.cz\/en\/"},{"@type":"ListItem","position":2,"name":"Contact"}]},{"@type":"WebSite","@id":"https:\/\/www.aberthamski.cz\/#website","url":"https:\/\/www.aberthamski.cz\/","name":"ABERTHAMSKI","description":"P\u016fj\u010dovna Ly\u017e\u00ed","publisher":{"@id":"https:\/\/www.aberthamski.cz\/#organization"},"potentialAction":[{"@type":"SearchAction","target":{"@type":"EntryPoint","urlTemplate":"https:\/\/www.aberthamski.cz\/?s={search_term_string}"},"query-input":{"@type":"PropertyValueSpecification","valueRequired":true,"valueName":"search_term_string"}}],"inLanguage":"en-US"},{"@type":"Organization","@id":"https:\/\/www.aberthamski.cz\/#organization","name":"ABERTHAMSKI","url":"https:\/\/www.aberthamski.cz\/","logo":{"@type":"ImageObject","inLanguage":"en-US","@id":"https:\/\/www.aberthamski.cz\/#\/schema\/logo\/image\/","url":"https:\/\/www.aberthamski.cz\/wp-content\/uploads\/2019\/12\/logo.png","contentUrl":"https:\/\/www.aberthamski.cz\/wp-content\/uploads\/2019\/12\/logo.png","width":190,"height":55,"caption":"ABERTHAMSKI"},"image":{"@id":"https:\/\/www.aberthamski.cz\/#\/schema\/logo\/image\/"},"sameAs":["https:\/\/www.facebook.com\/lygoho\/"]}]}},"_links":{"self":[{"href":"https:\/\/www.aberthamski.cz\/en\/wp-json\/wp\/v2\/pages\/176","targetHints":{"allow":["GET"]}}],"collection":[{"href":"https:\/\/www.aberthamski.cz\/en\/wp-json\/wp\/v2\/pages"}],"about":[{"href":"https:\/\/www.aberthamski.cz\/en\/wp-json\/wp\/v2\/types\/page"}],"author":[{"embeddable":true,"href":"https:\/\/www.aberthamski.cz\/en\/wp-json\/wp\/v2\/users\/2"}],"replies":[{"embeddable":true,"href":"https:\/\/www.aberthamski.cz\/en\/wp-json\/wp\/v2\/comments?post=176"}],"version-history":[{"count":1,"href":"https:\/\/www.aberthamski.cz\/en\/wp-json\/wp\/v2\/pages\/176\/revisions"}],"predecessor-version":[{"id":177,"href":"https:\/\/www.aberthamski.cz\/en\/wp-json\/wp\/v2\/pages\/176\/revisions\/177"}],"wp:attachment":[{"href":"https:\/\/www.aberthamski.cz\/en\/wp-json\/wp\/v2\/media?parent=176"}],"curies":[{"name":"wp","href":"https:\/\/api.w.org\/{rel}","templated":true}]}}