{"id":3439,"date":"2017-09-14T15:57:12","date_gmt":"2017-09-14T13:57:12","guid":{"rendered":"https:\/\/www.aberthamski.cz\/skiservice\/servis-od-aberthamski\/"},"modified":"2019-12-12T16:56:16","modified_gmt":"2019-12-12T15:56:16","slug":"service-von-aberthamski","status":"publish","type":"page","link":"https:\/\/www.aberthamski.cz\/de\/skiservice\/service-von-aberthamski\/","title":{"rendered":"Service von Aberthamski"},"content":{"rendered":"<div id='gallery-1' class='gallery galleryid-3439 gallery-columns-5 gallery-size-thumbnail'>\n<dl class='gallery-item'>\n<dt class='gallery-icon landscape'>\n\t\t\t\t<a href='https:\/\/www.aberthamski.cz\/wp-content\/uploads\/2017\/09\/IMG_6896.jpg'><img loading=\"lazy\" decoding=\"async\" width=\"300\" height=\"220\" src=\"https:\/\/www.aberthamski.cz\/wp-content\/uploads\/2017\/09\/IMG_6896-300x220.jpg\" class=\"attachment-thumbnail size-thumbnail\" alt=\"\" \/><\/a>\n\t\t\t<\/dt>\n<\/dl>\n<dl class='gallery-item'>\n<dt class='gallery-icon landscape'>\n\t\t\t\t<a href='https:\/\/www.aberthamski.cz\/wp-content\/uploads\/2017\/09\/IMG_6892-1.jpg'><img loading=\"lazy\" decoding=\"async\" width=\"300\" height=\"220\" src=\"https:\/\/www.aberthamski.cz\/wp-content\/uploads\/2017\/09\/IMG_6892-1-300x220.jpg\" class=\"attachment-thumbnail size-thumbnail\" alt=\"\" \/><\/a>\n\t\t\t<\/dt>\n<\/dl>\n<dl class='gallery-item'>\n<dt class='gallery-icon landscape'>\n\t\t\t\t<a href='https:\/\/www.aberthamski.cz\/wp-content\/uploads\/2017\/09\/IMG_6879-1.jpg'><img loading=\"lazy\" decoding=\"async\" width=\"300\" height=\"220\" src=\"https:\/\/www.aberthamski.cz\/wp-content\/uploads\/2017\/09\/IMG_6879-1-300x220.jpg\" class=\"attachment-thumbnail size-thumbnail\" alt=\"\" \/><\/a>\n\t\t\t<\/dt>\n<\/dl>\n<dl class='gallery-item'>\n<dt class='gallery-icon landscape'>\n\t\t\t\t<a href='https:\/\/www.aberthamski.cz\/wp-content\/uploads\/2017\/09\/IMG_6702.jpg'><img loading=\"lazy\" decoding=\"async\" width=\"300\" height=\"220\" src=\"https:\/\/www.aberthamski.cz\/wp-content\/uploads\/2017\/09\/IMG_6702-300x220.jpg\" class=\"attachment-thumbnail size-thumbnail\" alt=\"\" \/><\/a>\n\t\t\t<\/dt>\n<\/dl>\n<dl class='gallery-item'>\n<dt class='gallery-icon landscape'>\n\t\t\t\t<a href='https:\/\/www.aberthamski.cz\/wp-content\/uploads\/2017\/09\/microjet_disc_HQ.jpg'><img loading=\"lazy\" decoding=\"async\" width=\"300\" height=\"220\" src=\"https:\/\/www.aberthamski.cz\/wp-content\/uploads\/2017\/09\/microjet_disc_HQ-300x220.jpg\" class=\"attachment-thumbnail size-thumbnail\" alt=\"\" aria-describedby=\"gallery-1-3224\" \/><\/a>\n\t\t\t<\/dt>\n<dd class='wp-caption-text gallery-caption' id='gallery-1-3224'>\n\t\t\t\tWINTERSTEIGER Microjet\n\t\t\t\t<\/dd>\n<\/dl>\n<p><br style=\"clear: both\" \/>\n\t\t<\/div>\n<h3><a href=\"https:\/\/www.aberthamski.cz\/de\/service-von-aberthamski\/\">Service von Aberthamski<\/a><\/h3>\n","protected":false},"excerpt":{"rendered":"<p>Service von Aberthamski<\/p>\n","protected":false},"author":2,"featured_media":0,"parent":3180,"menu_order":35,"comment_status":"closed","ping_status":"closed","template":"","meta":{"footnotes":""},"class_list":["post-3439","page","type-page","status-publish","hentry"],"yoast_head":"<!-- This site is optimized with the Yoast SEO plugin v27.2 - https:\/\/yoast.com\/product\/yoast-seo-wordpress\/ -->\n<title>Service von Aberthamski - ABERTHAMSKI<\/title>\n<meta name=\"robots\" content=\"index, follow, max-snippet:-1, max-image-preview:large, max-video-preview:-1\" \/>\n<link rel=\"canonical\" href=\"https:\/\/www.aberthamski.cz\/de\/skiservice\/service-von-aberthamski\/\" \/>\n<meta property=\"og:locale\" content=\"de_DE\" \/>\n<meta property=\"og:type\" content=\"article\" \/>\n<meta property=\"og:title\" content=\"Service von Aberthamski - ABERTHAMSKI\" \/>\n<meta property=\"og:description\" content=\"Service von Aberthamski\" \/>\n<meta property=\"og:url\" content=\"https:\/\/www.aberthamski.cz\/de\/skiservice\/service-von-aberthamski\/\" \/>\n<meta property=\"og:site_name\" content=\"ABERTHAMSKI\" \/>\n<meta property=\"article:publisher\" content=\"https:\/\/www.facebook.com\/lygoho\/\" \/>\n<meta property=\"article:modified_time\" content=\"2019-12-12T15:56:16+00:00\" \/>\n<meta property=\"og:image\" content=\"https:\/\/www.aberthamski.cz\/wp-content\/uploads\/2017\/09\/IMG_6896-300x220.jpg\" \/>\n<meta name=\"twitter:card\" content=\"summary_large_image\" \/>\n<script type=\"application\/ld+json\" class=\"yoast-schema-graph\">{\"@context\":\"https:\/\/schema.org\",\"@graph\":[{\"@type\":\"WebPage\",\"@id\":\"https:\/\/www.aberthamski.cz\/de\/skiservice\/service-von-aberthamski\/\",\"url\":\"https:\/\/www.aberthamski.cz\/de\/skiservice\/service-von-aberthamski\/\",\"name\":\"Service von Aberthamski - ABERTHAMSKI\",\"isPartOf\":{\"@id\":\"https:\/\/www.aberthamski.cz\/#website\"},\"datePublished\":\"2017-09-14T13:57:12+00:00\",\"dateModified\":\"2019-12-12T15:56:16+00:00\",\"breadcrumb\":{\"@id\":\"https:\/\/www.aberthamski.cz\/de\/skiservice\/service-von-aberthamski\/#breadcrumb\"},\"inLanguage\":\"de\",\"potentialAction\":[{\"@type\":\"ReadAction\",\"target\":[\"https:\/\/www.aberthamski.cz\/de\/skiservice\/service-von-aberthamski\/\"]}]},{\"@type\":\"BreadcrumbList\",\"@id\":\"https:\/\/www.aberthamski.cz\/de\/skiservice\/service-von-aberthamski\/#breadcrumb\",\"itemListElement\":[{\"@type\":\"ListItem\",\"position\":1,\"name\":\"Dom\u016f\",\"item\":\"https:\/\/www.aberthamski.cz\/de\/\"},{\"@type\":\"ListItem\",\"position\":2,\"name\":\"Skiservice\",\"item\":\"https:\/\/www.aberthamski.cz\/de\/skiservice\/\"},{\"@type\":\"ListItem\",\"position\":3,\"name\":\"Service von Aberthamski\"}]},{\"@type\":\"WebSite\",\"@id\":\"https:\/\/www.aberthamski.cz\/#website\",\"url\":\"https:\/\/www.aberthamski.cz\/\",\"name\":\"ABERTHAMSKI\",\"description\":\"P\u016fj\u010dovna Ly\u017e\u00ed\",\"publisher\":{\"@id\":\"https:\/\/www.aberthamski.cz\/#organization\"},\"potentialAction\":[{\"@type\":\"SearchAction\",\"target\":{\"@type\":\"EntryPoint\",\"urlTemplate\":\"https:\/\/www.aberthamski.cz\/?s={search_term_string}\"},\"query-input\":{\"@type\":\"PropertyValueSpecification\",\"valueRequired\":true,\"valueName\":\"search_term_string\"}}],\"inLanguage\":\"de\"},{\"@type\":\"Organization\",\"@id\":\"https:\/\/www.aberthamski.cz\/#organization\",\"name\":\"ABERTHAMSKI\",\"url\":\"https:\/\/www.aberthamski.cz\/\",\"logo\":{\"@type\":\"ImageObject\",\"inLanguage\":\"de\",\"@id\":\"https:\/\/www.aberthamski.cz\/#\/schema\/logo\/image\/\",\"url\":\"https:\/\/www.aberthamski.cz\/wp-content\/uploads\/2019\/12\/logo.png\",\"contentUrl\":\"https:\/\/www.aberthamski.cz\/wp-content\/uploads\/2019\/12\/logo.png\",\"width\":190,\"height\":55,\"caption\":\"ABERTHAMSKI\"},\"image\":{\"@id\":\"https:\/\/www.aberthamski.cz\/#\/schema\/logo\/image\/\"},\"sameAs\":[\"https:\/\/www.facebook.com\/lygoho\/\"]}]}<\/script>\n<!-- \/ Yoast SEO plugin. -->","yoast_head_json":{"title":"Service von Aberthamski - ABERTHAMSKI","robots":{"index":"index","follow":"follow","max-snippet":"max-snippet:-1","max-image-preview":"max-image-preview:large","max-video-preview":"max-video-preview:-1"},"canonical":"https:\/\/www.aberthamski.cz\/de\/skiservice\/service-von-aberthamski\/","og_locale":"de_DE","og_type":"article","og_title":"Service von Aberthamski - ABERTHAMSKI","og_description":"Service von Aberthamski","og_url":"https:\/\/www.aberthamski.cz\/de\/skiservice\/service-von-aberthamski\/","og_site_name":"ABERTHAMSKI","article_publisher":"https:\/\/www.facebook.com\/lygoho\/","article_modified_time":"2019-12-12T15:56:16+00:00","og_image":[{"url":"https:\/\/www.aberthamski.cz\/wp-content\/uploads\/2017\/09\/IMG_6896-300x220.jpg","type":"","width":"","height":""}],"twitter_card":"summary_large_image","schema":{"@context":"https:\/\/schema.org","@graph":[{"@type":"WebPage","@id":"https:\/\/www.aberthamski.cz\/de\/skiservice\/service-von-aberthamski\/","url":"https:\/\/www.aberthamski.cz\/de\/skiservice\/service-von-aberthamski\/","name":"Service von Aberthamski - ABERTHAMSKI","isPartOf":{"@id":"https:\/\/www.aberthamski.cz\/#website"},"datePublished":"2017-09-14T13:57:12+00:00","dateModified":"2019-12-12T15:56:16+00:00","breadcrumb":{"@id":"https:\/\/www.aberthamski.cz\/de\/skiservice\/service-von-aberthamski\/#breadcrumb"},"inLanguage":"de","potentialAction":[{"@type":"ReadAction","target":["https:\/\/www.aberthamski.cz\/de\/skiservice\/service-von-aberthamski\/"]}]},{"@type":"BreadcrumbList","@id":"https:\/\/www.aberthamski.cz\/de\/skiservice\/service-von-aberthamski\/#breadcrumb","itemListElement":[{"@type":"ListItem","position":1,"name":"Dom\u016f","item":"https:\/\/www.aberthamski.cz\/de\/"},{"@type":"ListItem","position":2,"name":"Skiservice","item":"https:\/\/www.aberthamski.cz\/de\/skiservice\/"},{"@type":"ListItem","position":3,"name":"Service von Aberthamski"}]},{"@type":"WebSite","@id":"https:\/\/www.aberthamski.cz\/#website","url":"https:\/\/www.aberthamski.cz\/","name":"ABERTHAMSKI","description":"P\u016fj\u010dovna Ly\u017e\u00ed","publisher":{"@id":"https:\/\/www.aberthamski.cz\/#organization"},"potentialAction":[{"@type":"SearchAction","target":{"@type":"EntryPoint","urlTemplate":"https:\/\/www.aberthamski.cz\/?s={search_term_string}"},"query-input":{"@type":"PropertyValueSpecification","valueRequired":true,"valueName":"search_term_string"}}],"inLanguage":"de"},{"@type":"Organization","@id":"https:\/\/www.aberthamski.cz\/#organization","name":"ABERTHAMSKI","url":"https:\/\/www.aberthamski.cz\/","logo":{"@type":"ImageObject","inLanguage":"de","@id":"https:\/\/www.aberthamski.cz\/#\/schema\/logo\/image\/","url":"https:\/\/www.aberthamski.cz\/wp-content\/uploads\/2019\/12\/logo.png","contentUrl":"https:\/\/www.aberthamski.cz\/wp-content\/uploads\/2019\/12\/logo.png","width":190,"height":55,"caption":"ABERTHAMSKI"},"image":{"@id":"https:\/\/www.aberthamski.cz\/#\/schema\/logo\/image\/"},"sameAs":["https:\/\/www.facebook.com\/lygoho\/"]}]}},"_links":{"self":[{"href":"https:\/\/www.aberthamski.cz\/de\/wp-json\/wp\/v2\/pages\/3439","targetHints":{"allow":["GET"]}}],"collection":[{"href":"https:\/\/www.aberthamski.cz\/de\/wp-json\/wp\/v2\/pages"}],"about":[{"href":"https:\/\/www.aberthamski.cz\/de\/wp-json\/wp\/v2\/types\/page"}],"author":[{"embeddable":true,"href":"https:\/\/www.aberthamski.cz\/de\/wp-json\/wp\/v2\/users\/2"}],"replies":[{"embeddable":true,"href":"https:\/\/www.aberthamski.cz\/de\/wp-json\/wp\/v2\/comments?post=3439"}],"version-history":[{"count":3,"href":"https:\/\/www.aberthamski.cz\/de\/wp-json\/wp\/v2\/pages\/3439\/revisions"}],"predecessor-version":[{"id":3442,"href":"https:\/\/www.aberthamski.cz\/de\/wp-json\/wp\/v2\/pages\/3439\/revisions\/3442"}],"up":[{"embeddable":true,"href":"https:\/\/www.aberthamski.cz\/de\/wp-json\/wp\/v2\/pages\/3180"}],"wp:attachment":[{"href":"https:\/\/www.aberthamski.cz\/de\/wp-json\/wp\/v2\/media?parent=3439"}],"curies":[{"name":"wp","href":"https:\/\/api.w.org\/{rel}","templated":true}]}}