{"id":3199,"date":"2019-12-11T11:14:11","date_gmt":"2019-12-11T10:14:11","guid":{"rendered":"https:\/\/www.aberthamski.cz\/?page_id=3199"},"modified":"2019-12-11T11:14:11","modified_gmt":"2019-12-11T10:14:11","slug":"unverbindliche-reservierung","status":"publish","type":"page","link":"https:\/\/www.aberthamski.cz\/de\/unverbindliche-reservierung\/","title":{"rendered":"Unverbindliche reservierung"},"content":{"rendered":"<p><a href=\"https:\/\/www.aberthamski.cz\/de\/reservierung\/\" target=\"_self\" class=\"link type-button    \">Unverbindliche reservierung<\/a><\/p>\n","protected":false},"excerpt":{"rendered":"<p>Reservierungen dienen als Anhaltspunkt f\u00fcr eine einfachere Auswahl.<br \/>\nVielen Dank f\u00fcr Ihr Verst\u00e4ndnis.<\/p>\n","protected":false},"author":2,"featured_media":3256,"parent":0,"menu_order":55,"comment_status":"closed","ping_status":"closed","template":"order-online.php","meta":{"footnotes":""},"class_list":["post-3199","page","type-page","status-publish","has-post-thumbnail","hentry"],"yoast_head":"<!-- This site is optimized with the Yoast SEO plugin v27.2 - https:\/\/yoast.com\/product\/yoast-seo-wordpress\/ -->\n<title>Unverbindliche reservierung - ABERTHAMSKI<\/title>\n<meta name=\"robots\" content=\"index, follow, max-snippet:-1, max-image-preview:large, max-video-preview:-1\" \/>\n<link rel=\"canonical\" href=\"https:\/\/www.aberthamski.cz\/de\/unverbindliche-reservierung\/\" \/>\n<meta property=\"og:locale\" content=\"de_DE\" \/>\n<meta property=\"og:type\" content=\"article\" \/>\n<meta property=\"og:title\" content=\"Unverbindliche reservierung - ABERTHAMSKI\" \/>\n<meta property=\"og:description\" content=\"Reservierungen dienen als Anhaltspunkt f\u00fcr eine einfachere Auswahl. Vielen Dank f\u00fcr Ihr Verst\u00e4ndnis.\" \/>\n<meta property=\"og:url\" content=\"https:\/\/www.aberthamski.cz\/de\/unverbindliche-reservierung\/\" \/>\n<meta property=\"og:site_name\" content=\"ABERTHAMSKI\" \/>\n<meta property=\"article:publisher\" content=\"https:\/\/www.facebook.com\/lygoho\/\" \/>\n<meta property=\"og:image\" content=\"https:\/\/www.aberthamski.cz\/wp-content\/uploads\/2017\/09\/woman-compressor.jpg\" \/>\n\t<meta property=\"og:image:width\" content=\"1920\" \/>\n\t<meta property=\"og:image:height\" content=\"553\" \/>\n\t<meta property=\"og:image:type\" content=\"image\/jpeg\" \/>\n<meta name=\"twitter:card\" content=\"summary_large_image\" \/>\n<script type=\"application\/ld+json\" class=\"yoast-schema-graph\">{\"@context\":\"https:\/\/schema.org\",\"@graph\":[{\"@type\":\"WebPage\",\"@id\":\"https:\/\/www.aberthamski.cz\/de\/unverbindliche-reservierung\/\",\"url\":\"https:\/\/www.aberthamski.cz\/de\/unverbindliche-reservierung\/\",\"name\":\"Unverbindliche reservierung - ABERTHAMSKI\",\"isPartOf\":{\"@id\":\"https:\/\/www.aberthamski.cz\/#website\"},\"primaryImageOfPage\":{\"@id\":\"https:\/\/www.aberthamski.cz\/de\/unverbindliche-reservierung\/#primaryimage\"},\"image\":{\"@id\":\"https:\/\/www.aberthamski.cz\/de\/unverbindliche-reservierung\/#primaryimage\"},\"thumbnailUrl\":\"https:\/\/www.aberthamski.cz\/wp-content\/uploads\/2017\/09\/woman-compressor.jpg\",\"datePublished\":\"2019-12-11T10:14:11+00:00\",\"breadcrumb\":{\"@id\":\"https:\/\/www.aberthamski.cz\/de\/unverbindliche-reservierung\/#breadcrumb\"},\"inLanguage\":\"de\",\"potentialAction\":[{\"@type\":\"ReadAction\",\"target\":[\"https:\/\/www.aberthamski.cz\/de\/unverbindliche-reservierung\/\"]}]},{\"@type\":\"ImageObject\",\"inLanguage\":\"de\",\"@id\":\"https:\/\/www.aberthamski.cz\/de\/unverbindliche-reservierung\/#primaryimage\",\"url\":\"https:\/\/www.aberthamski.cz\/wp-content\/uploads\/2017\/09\/woman-compressor.jpg\",\"contentUrl\":\"https:\/\/www.aberthamski.cz\/wp-content\/uploads\/2017\/09\/woman-compressor.jpg\",\"width\":1920,\"height\":553},{\"@type\":\"BreadcrumbList\",\"@id\":\"https:\/\/www.aberthamski.cz\/de\/unverbindliche-reservierung\/#breadcrumb\",\"itemListElement\":[{\"@type\":\"ListItem\",\"position\":1,\"name\":\"Dom\u016f\",\"item\":\"https:\/\/www.aberthamski.cz\/de\/\"},{\"@type\":\"ListItem\",\"position\":2,\"name\":\"Unverbindliche reservierung\"}]},{\"@type\":\"WebSite\",\"@id\":\"https:\/\/www.aberthamski.cz\/#website\",\"url\":\"https:\/\/www.aberthamski.cz\/\",\"name\":\"ABERTHAMSKI\",\"description\":\"P\u016fj\u010dovna Ly\u017e\u00ed\",\"publisher\":{\"@id\":\"https:\/\/www.aberthamski.cz\/#organization\"},\"potentialAction\":[{\"@type\":\"SearchAction\",\"target\":{\"@type\":\"EntryPoint\",\"urlTemplate\":\"https:\/\/www.aberthamski.cz\/?s={search_term_string}\"},\"query-input\":{\"@type\":\"PropertyValueSpecification\",\"valueRequired\":true,\"valueName\":\"search_term_string\"}}],\"inLanguage\":\"de\"},{\"@type\":\"Organization\",\"@id\":\"https:\/\/www.aberthamski.cz\/#organization\",\"name\":\"ABERTHAMSKI\",\"url\":\"https:\/\/www.aberthamski.cz\/\",\"logo\":{\"@type\":\"ImageObject\",\"inLanguage\":\"de\",\"@id\":\"https:\/\/www.aberthamski.cz\/#\/schema\/logo\/image\/\",\"url\":\"https:\/\/www.aberthamski.cz\/wp-content\/uploads\/2019\/12\/logo.png\",\"contentUrl\":\"https:\/\/www.aberthamski.cz\/wp-content\/uploads\/2019\/12\/logo.png\",\"width\":190,\"height\":55,\"caption\":\"ABERTHAMSKI\"},\"image\":{\"@id\":\"https:\/\/www.aberthamski.cz\/#\/schema\/logo\/image\/\"},\"sameAs\":[\"https:\/\/www.facebook.com\/lygoho\/\"]}]}<\/script>\n<!-- \/ Yoast SEO plugin. -->","yoast_head_json":{"title":"Unverbindliche reservierung - ABERTHAMSKI","robots":{"index":"index","follow":"follow","max-snippet":"max-snippet:-1","max-image-preview":"max-image-preview:large","max-video-preview":"max-video-preview:-1"},"canonical":"https:\/\/www.aberthamski.cz\/de\/unverbindliche-reservierung\/","og_locale":"de_DE","og_type":"article","og_title":"Unverbindliche reservierung - ABERTHAMSKI","og_description":"Reservierungen dienen als Anhaltspunkt f\u00fcr eine einfachere Auswahl. Vielen Dank f\u00fcr Ihr Verst\u00e4ndnis.","og_url":"https:\/\/www.aberthamski.cz\/de\/unverbindliche-reservierung\/","og_site_name":"ABERTHAMSKI","article_publisher":"https:\/\/www.facebook.com\/lygoho\/","og_image":[{"width":1920,"height":553,"url":"https:\/\/www.aberthamski.cz\/wp-content\/uploads\/2017\/09\/woman-compressor.jpg","type":"image\/jpeg"}],"twitter_card":"summary_large_image","schema":{"@context":"https:\/\/schema.org","@graph":[{"@type":"WebPage","@id":"https:\/\/www.aberthamski.cz\/de\/unverbindliche-reservierung\/","url":"https:\/\/www.aberthamski.cz\/de\/unverbindliche-reservierung\/","name":"Unverbindliche reservierung - ABERTHAMSKI","isPartOf":{"@id":"https:\/\/www.aberthamski.cz\/#website"},"primaryImageOfPage":{"@id":"https:\/\/www.aberthamski.cz\/de\/unverbindliche-reservierung\/#primaryimage"},"image":{"@id":"https:\/\/www.aberthamski.cz\/de\/unverbindliche-reservierung\/#primaryimage"},"thumbnailUrl":"https:\/\/www.aberthamski.cz\/wp-content\/uploads\/2017\/09\/woman-compressor.jpg","datePublished":"2019-12-11T10:14:11+00:00","breadcrumb":{"@id":"https:\/\/www.aberthamski.cz\/de\/unverbindliche-reservierung\/#breadcrumb"},"inLanguage":"de","potentialAction":[{"@type":"ReadAction","target":["https:\/\/www.aberthamski.cz\/de\/unverbindliche-reservierung\/"]}]},{"@type":"ImageObject","inLanguage":"de","@id":"https:\/\/www.aberthamski.cz\/de\/unverbindliche-reservierung\/#primaryimage","url":"https:\/\/www.aberthamski.cz\/wp-content\/uploads\/2017\/09\/woman-compressor.jpg","contentUrl":"https:\/\/www.aberthamski.cz\/wp-content\/uploads\/2017\/09\/woman-compressor.jpg","width":1920,"height":553},{"@type":"BreadcrumbList","@id":"https:\/\/www.aberthamski.cz\/de\/unverbindliche-reservierung\/#breadcrumb","itemListElement":[{"@type":"ListItem","position":1,"name":"Dom\u016f","item":"https:\/\/www.aberthamski.cz\/de\/"},{"@type":"ListItem","position":2,"name":"Unverbindliche reservierung"}]},{"@type":"WebSite","@id":"https:\/\/www.aberthamski.cz\/#website","url":"https:\/\/www.aberthamski.cz\/","name":"ABERTHAMSKI","description":"P\u016fj\u010dovna Ly\u017e\u00ed","publisher":{"@id":"https:\/\/www.aberthamski.cz\/#organization"},"potentialAction":[{"@type":"SearchAction","target":{"@type":"EntryPoint","urlTemplate":"https:\/\/www.aberthamski.cz\/?s={search_term_string}"},"query-input":{"@type":"PropertyValueSpecification","valueRequired":true,"valueName":"search_term_string"}}],"inLanguage":"de"},{"@type":"Organization","@id":"https:\/\/www.aberthamski.cz\/#organization","name":"ABERTHAMSKI","url":"https:\/\/www.aberthamski.cz\/","logo":{"@type":"ImageObject","inLanguage":"de","@id":"https:\/\/www.aberthamski.cz\/#\/schema\/logo\/image\/","url":"https:\/\/www.aberthamski.cz\/wp-content\/uploads\/2019\/12\/logo.png","contentUrl":"https:\/\/www.aberthamski.cz\/wp-content\/uploads\/2019\/12\/logo.png","width":190,"height":55,"caption":"ABERTHAMSKI"},"image":{"@id":"https:\/\/www.aberthamski.cz\/#\/schema\/logo\/image\/"},"sameAs":["https:\/\/www.facebook.com\/lygoho\/"]}]}},"_links":{"self":[{"href":"https:\/\/www.aberthamski.cz\/de\/wp-json\/wp\/v2\/pages\/3199","targetHints":{"allow":["GET"]}}],"collection":[{"href":"https:\/\/www.aberthamski.cz\/de\/wp-json\/wp\/v2\/pages"}],"about":[{"href":"https:\/\/www.aberthamski.cz\/de\/wp-json\/wp\/v2\/types\/page"}],"author":[{"embeddable":true,"href":"https:\/\/www.aberthamski.cz\/de\/wp-json\/wp\/v2\/users\/2"}],"replies":[{"embeddable":true,"href":"https:\/\/www.aberthamski.cz\/de\/wp-json\/wp\/v2\/comments?post=3199"}],"version-history":[{"count":1,"href":"https:\/\/www.aberthamski.cz\/de\/wp-json\/wp\/v2\/pages\/3199\/revisions"}],"predecessor-version":[{"id":3200,"href":"https:\/\/www.aberthamski.cz\/de\/wp-json\/wp\/v2\/pages\/3199\/revisions\/3200"}],"wp:featuredmedia":[{"embeddable":true,"href":"https:\/\/www.aberthamski.cz\/de\/wp-json\/wp\/v2\/media\/3256"}],"wp:attachment":[{"href":"https:\/\/www.aberthamski.cz\/de\/wp-json\/wp\/v2\/media?parent=3199"}],"curies":[{"name":"wp","href":"https:\/\/api.w.org\/{rel}","templated":true}]}}